{"id":3182,"date":"2023-04-14T23:37:01","date_gmt":"2023-04-14T21:37:01","guid":{"rendered":"https:\/\/mitthjarta.se\/?page_id=3182"},"modified":"2024-05-05T15:02:03","modified_gmt":"2024-05-05T13:02:03","slug":"mitt-hjarta-music","status":"publish","type":"page","link":"https:\/\/mitthjarta.se\/?page_id=3182","title":{"rendered":"Mitt Hj\u00e4rta Music"},"content":{"rendered":"\n<figure class=\"wp-block-embed is-type-rich is-provider-spotify wp-block-embed-spotify wp-embed-aspect-21-9 wp-has-aspect-ratio\"><div class=\"wp-block-embed__wrapper\">\n<iframe title=\"Spotify Embed: MAD\" style=\"border-radius: 12px\" width=\"100%\" height=\"352\" frameborder=\"0\" allowfullscreen allow=\"autoplay; clipboard-write; encrypted-media; fullscreen; picture-in-picture\" loading=\"lazy\" src=\"https:\/\/open.spotify.com\/embed\/album\/5PJgYBYCnGDjXfLhwN3CHq?utm_source=oembed\"><\/iframe>\n<\/div><\/figure>\n\n\n\n<figure class=\"wp-block-image\"><img decoding=\"async\" src=\"https:\/\/mitthjarta.se\/wp-content\/uploads\/2024\/05\/IMG_2708.jpeg\" alt=\"Denna bild har ett alt-attribut som \u00e4r tomt. Dess filnamn \u00e4r IMG_2708.jpeg\"\/><\/figure>\n\n\n\n<p>Klara kommer med ny musik, f\u00f6rst ut \u00e4r <a href=\"https:\/\/l.facebook.com\/l.php?u=https%3A%2F%2Fpopmuzik.se%2F171437%2Fklara-hammarstrom-mad%2F%3Ffbclid%3DIwZXh0bgNhZW0CMTAAAR0jU2f6zwr4kRsLtBxw3PBrmcx0Vw20G537IVrCPWQbDHkTMSDl_qMPY2w_aem_AQSuRn-_-RgxVGU8wLKXBv5ll1D7MEaIFYzo_S3hqhiW4db6zdtesBeWQQsR6S00-XlpusH3Oea2YCQfa2mPG39y&amp;h=AT0gnmfAzz2pV9Ojk0033a-Ytz218lkYjPHBVu6MYT5F-y9zczwB4bQVspGOdewbbRyiFgNH07p9qa2Bjm5rXARxtdUG1tNZA0ndMqmjTHJvsH3ZOyxhLXA9fB8ASnak2RfP&amp;__tn__=-UK-R&amp;c[0]=AT0aug5pe8dpeXhlIfecLd_mcCyn5FiqJ8LgyB6A12rhq6y4ysUhuWsc96D8rMtx9Z2GnsJI5mzDzp6cJKnjNe_5u3tu9xFXGgRDfkK_9xi7R7iTjjXhZ-CJFQ6MQLdkhp6XKnU38i764Jjq_xiwcAxobrgoh41h3MujS0zolPRLusWpx_-Z-b5yBkide4O_QdPVXKbRpVg\"><strong>MAD<\/strong><\/a>. G\u00e5 in och<a href=\"https:\/\/open.spotify.com\/album\/5PJgYBYCnGDjXfLhwN3CHq\"><strong> lyssna p\u00e5 Spotify<\/strong><\/a><\/p>\n\n\n<div class=\"wp-block-image\">\n<figure class=\"aligncenter size-large\"><img decoding=\"async\" loading=\"lazy\" width=\"2560\" height=\"1707\" src=\"https:\/\/mitthjarta.se\/wp-content\/uploads\/2023\/04\/fhe_1540-1-2560x1707.jpg\" alt=\"\" class=\"wp-image-3185\" srcset=\"https:\/\/mitthjarta.se\/wp-content\/uploads\/2023\/04\/fhe_1540-1-2560x1707.jpg 2560w, https:\/\/mitthjarta.se\/wp-content\/uploads\/2023\/04\/fhe_1540-1-300x200.jpg 300w, https:\/\/mitthjarta.se\/wp-content\/uploads\/2023\/04\/fhe_1540-1-768x512.jpg 768w, https:\/\/mitthjarta.se\/wp-content\/uploads\/2023\/04\/fhe_1540-1-1536x1024.jpg 1536w, https:\/\/mitthjarta.se\/wp-content\/uploads\/2023\/04\/fhe_1540-1-2048x1365.jpg 2048w\" sizes=\"(max-width: 2560px) 100vw, 2560px\" \/><figcaption class=\"wp-element-caption\">Klara Hammarstr\u00f6m<\/figcaption><\/figure><\/div>","protected":false},"excerpt":{"rendered":"<p>Klara kommer med ny musik, f\u00f6rst ut \u00e4r MAD. G\u00e5 in och lyssna p\u00e5 Spotify<\/p>\n","protected":false},"author":1,"featured_media":0,"parent":0,"menu_order":0,"comment_status":"closed","ping_status":"closed","template":"","meta":[],"_links":{"self":[{"href":"https:\/\/mitthjarta.se\/index.php?rest_route=\/wp\/v2\/pages\/3182"}],"collection":[{"href":"https:\/\/mitthjarta.se\/index.php?rest_route=\/wp\/v2\/pages"}],"about":[{"href":"https:\/\/mitthjarta.se\/index.php?rest_route=\/wp\/v2\/types\/page"}],"author":[{"embeddable":true,"href":"https:\/\/mitthjarta.se\/index.php?rest_route=\/wp\/v2\/users\/1"}],"replies":[{"embeddable":true,"href":"https:\/\/mitthjarta.se\/index.php?rest_route=%2Fwp%2Fv2%2Fcomments&post=3182"}],"version-history":[{"count":5,"href":"https:\/\/mitthjarta.se\/index.php?rest_route=\/wp\/v2\/pages\/3182\/revisions"}],"predecessor-version":[{"id":3945,"href":"https:\/\/mitthjarta.se\/index.php?rest_route=\/wp\/v2\/pages\/3182\/revisions\/3945"}],"wp:attachment":[{"href":"https:\/\/mitthjarta.se\/index.php?rest_route=%2Fwp%2Fv2%2Fmedia&parent=3182"}],"curies":[{"name":"wp","href":"https:\/\/api.w.org\/{rel}","templated":true}]}}